{"id":345,"date":"2022-11-09T12:35:25","date_gmt":"2022-11-09T12:35:25","guid":{"rendered":"https:\/\/useeum.com\/sites\/?page_id=345"},"modified":"2026-03-18T13:51:02","modified_gmt":"2026-03-18T12:51:02","slug":"front-page","status":"publish","type":"page","link":"https:\/\/useeum.com\/sites\/","title":{"rendered":"Din indgang til Danmarks museer"},"content":{"rendered":"","protected":false},"excerpt":{"rendered":"","protected":false},"author":1,"featured_media":1196,"parent":0,"menu_order":0,"comment_status":"closed","ping_status":"closed","template":"template-frontpage.blade.php","meta":{"_acf_changed":false,"inline_featured_image":false,"footnotes":""},"class_list":["post-345","page","type-page","status-publish","has-post-thumbnail","hentry"],"acf":[],"yoast_head":"<!-- This site is optimized with the Yoast SEO plugin v26.0 - https:\/\/yoast.com\/wordpress\/plugins\/seo\/ -->\n<title>Din indgang til Danmarks museer - Useeum<\/title>\n<meta name=\"description\" content=\"Useeum er et stort museumsunivers, som best\u00e5r af denne f\u00e6lles billetportal samt \u00e9n f\u00e6lles app for alle museer.\" \/>\n<meta name=\"robots\" content=\"index, follow, max-snippet:-1, max-image-preview:large, max-video-preview:-1\" \/>\n<link rel=\"canonical\" href=\"https:\/\/useeum.com\/sites\/\" \/>\n<meta property=\"og:locale\" content=\"da_DK\" \/>\n<meta property=\"og:type\" content=\"article\" \/>\n<meta property=\"og:title\" content=\"Din indgang til Danmarks museer\" \/>\n<meta property=\"og:description\" content=\"Useeum er et stort museumsunivers, som best\u00e5r af denne nye, f\u00e6lles billetportal samt \u00e9n f\u00e6lles app for alle museer.\" \/>\n<meta property=\"og:url\" content=\"https:\/\/useeum.com\/sites\/\" \/>\n<meta property=\"og:site_name\" content=\"Useeum\" \/>\n<meta property=\"article:publisher\" content=\"https:\/\/www.facebook.com\/Useeum\" \/>\n<meta property=\"article:modified_time\" content=\"2026-03-18T12:51:02+00:00\" \/>\n<meta property=\"og:image\" content=\"https:\/\/useeum.com\/sites\/wp-content\/uploads\/2023\/03\/Facebook.jpg\" \/>\n\t<meta property=\"og:image:width\" content=\"1200\" \/>\n\t<meta property=\"og:image:height\" content=\"600\" \/>\n\t<meta property=\"og:image:type\" content=\"image\/jpeg\" \/>\n<meta name=\"twitter:card\" content=\"summary_large_image\" \/>\n<meta name=\"twitter:label1\" content=\"Estimeret l\u00e6setid\" \/>\n\t<meta name=\"twitter:data1\" content=\"1 minut\" \/>\n<script type=\"application\/ld+json\" class=\"yoast-schema-graph\">{\"@context\":\"https:\/\/schema.org\",\"@graph\":[{\"@type\":\"WebPage\",\"@id\":\"https:\/\/useeum.com\/sites\/\",\"url\":\"https:\/\/useeum.com\/sites\/\",\"name\":\"Din indgang til Danmarks museer - Useeum\",\"isPartOf\":{\"@id\":\"https:\/\/useeum.com\/sites\/#website\"},\"primaryImageOfPage\":{\"@id\":\"https:\/\/useeum.com\/sites\/#primaryimage\"},\"image\":{\"@id\":\"https:\/\/useeum.com\/sites\/#primaryimage\"},\"thumbnailUrl\":\"https:\/\/useeum.com\/sites\/wp-content\/uploads\/2023\/04\/BM0482_Dansk_Joedisk_Museum-5956-2474x1650px-kopi.jpg\",\"datePublished\":\"2022-11-09T12:35:25+00:00\",\"dateModified\":\"2026-03-18T12:51:02+00:00\",\"description\":\"Useeum er et stort museumsunivers, som best\u00e5r af denne f\u00e6lles billetportal samt \u00e9n f\u00e6lles app for alle museer.\",\"breadcrumb\":{\"@id\":\"https:\/\/useeum.com\/sites\/#breadcrumb\"},\"inLanguage\":\"da-DK\",\"potentialAction\":[{\"@type\":\"ReadAction\",\"target\":[\"https:\/\/useeum.com\/sites\/\"]}]},{\"@type\":\"ImageObject\",\"inLanguage\":\"da-DK\",\"@id\":\"https:\/\/useeum.com\/sites\/#primaryimage\",\"url\":\"https:\/\/useeum.com\/sites\/wp-content\/uploads\/2023\/04\/BM0482_Dansk_Joedisk_Museum-5956-2474x1650px-kopi.jpg\",\"contentUrl\":\"https:\/\/useeum.com\/sites\/wp-content\/uploads\/2023\/04\/BM0482_Dansk_Joedisk_Museum-5956-2474x1650px-kopi.jpg\",\"width\":1440,\"height\":650},{\"@type\":\"BreadcrumbList\",\"@id\":\"https:\/\/useeum.com\/sites\/#breadcrumb\",\"itemListElement\":[{\"@type\":\"ListItem\",\"position\":1,\"name\":\"Home\",\"item\":\"https:\/\/useeum.com\/sites\/\"},{\"@type\":\"ListItem\",\"position\":2,\"name\":\"Din indgang til Danmarks museer\"}]},{\"@type\":\"WebSite\",\"@id\":\"https:\/\/useeum.com\/sites\/#website\",\"url\":\"https:\/\/useeum.com\/sites\/\",\"name\":\"https:\/\/useeum.com\/sites\/\",\"description\":\"Din indgang til Danmarks museer\",\"publisher\":{\"@id\":\"https:\/\/useeum.com\/sites\/#organization\"},\"potentialAction\":[{\"@type\":\"SearchAction\",\"target\":{\"@type\":\"EntryPoint\",\"urlTemplate\":\"https:\/\/useeum.com\/sites\/?s={search_term_string}\"},\"query-input\":{\"@type\":\"PropertyValueSpecification\",\"valueRequired\":true,\"valueName\":\"search_term_string\"}}],\"inLanguage\":\"da-DK\"},{\"@type\":\"Organization\",\"@id\":\"https:\/\/useeum.com\/sites\/#organization\",\"name\":\"Useeum\",\"url\":\"https:\/\/useeum.com\/sites\/\",\"logo\":{\"@type\":\"ImageObject\",\"inLanguage\":\"da-DK\",\"@id\":\"https:\/\/useeum.com\/sites\/#\/schema\/logo\/image\/\",\"url\":\"https:\/\/useeum.com\/sites\/wp-content\/uploads\/2023\/03\/logo-250x250-1.png\",\"contentUrl\":\"https:\/\/useeum.com\/sites\/wp-content\/uploads\/2023\/03\/logo-250x250-1.png\",\"width\":250,\"height\":250,\"caption\":\"Useeum\"},\"image\":{\"@id\":\"https:\/\/useeum.com\/sites\/#\/schema\/logo\/image\/\"},\"sameAs\":[\"https:\/\/www.facebook.com\/Useeum\",\"https:\/\/www.instagram.com\/useeum_\/\"]}]}<\/script>\n<!-- \/ Yoast SEO plugin. -->","yoast_head_json":{"title":"Din indgang til Danmarks museer - Useeum","description":"Useeum er et stort museumsunivers, som best\u00e5r af denne f\u00e6lles billetportal samt \u00e9n f\u00e6lles app for alle museer.","robots":{"index":"index","follow":"follow","max-snippet":"max-snippet:-1","max-image-preview":"max-image-preview:large","max-video-preview":"max-video-preview:-1"},"canonical":"https:\/\/useeum.com\/sites\/","og_locale":"da_DK","og_type":"article","og_title":"Din indgang til Danmarks museer","og_description":"Useeum er et stort museumsunivers, som best\u00e5r af denne nye, f\u00e6lles billetportal samt \u00e9n f\u00e6lles app for alle museer.","og_url":"https:\/\/useeum.com\/sites\/","og_site_name":"Useeum","article_publisher":"https:\/\/www.facebook.com\/Useeum","article_modified_time":"2026-03-18T12:51:02+00:00","og_image":[{"width":1200,"height":600,"url":"https:\/\/useeum.com\/sites\/wp-content\/uploads\/2023\/03\/Facebook.jpg","type":"image\/jpeg"}],"twitter_card":"summary_large_image","twitter_misc":{"Estimeret l\u00e6setid":"1 minut"},"schema":{"@context":"https:\/\/schema.org","@graph":[{"@type":"WebPage","@id":"https:\/\/useeum.com\/sites\/","url":"https:\/\/useeum.com\/sites\/","name":"Din indgang til Danmarks museer - Useeum","isPartOf":{"@id":"https:\/\/useeum.com\/sites\/#website"},"primaryImageOfPage":{"@id":"https:\/\/useeum.com\/sites\/#primaryimage"},"image":{"@id":"https:\/\/useeum.com\/sites\/#primaryimage"},"thumbnailUrl":"https:\/\/useeum.com\/sites\/wp-content\/uploads\/2023\/04\/BM0482_Dansk_Joedisk_Museum-5956-2474x1650px-kopi.jpg","datePublished":"2022-11-09T12:35:25+00:00","dateModified":"2026-03-18T12:51:02+00:00","description":"Useeum er et stort museumsunivers, som best\u00e5r af denne f\u00e6lles billetportal samt \u00e9n f\u00e6lles app for alle museer.","breadcrumb":{"@id":"https:\/\/useeum.com\/sites\/#breadcrumb"},"inLanguage":"da-DK","potentialAction":[{"@type":"ReadAction","target":["https:\/\/useeum.com\/sites\/"]}]},{"@type":"ImageObject","inLanguage":"da-DK","@id":"https:\/\/useeum.com\/sites\/#primaryimage","url":"https:\/\/useeum.com\/sites\/wp-content\/uploads\/2023\/04\/BM0482_Dansk_Joedisk_Museum-5956-2474x1650px-kopi.jpg","contentUrl":"https:\/\/useeum.com\/sites\/wp-content\/uploads\/2023\/04\/BM0482_Dansk_Joedisk_Museum-5956-2474x1650px-kopi.jpg","width":1440,"height":650},{"@type":"BreadcrumbList","@id":"https:\/\/useeum.com\/sites\/#breadcrumb","itemListElement":[{"@type":"ListItem","position":1,"name":"Home","item":"https:\/\/useeum.com\/sites\/"},{"@type":"ListItem","position":2,"name":"Din indgang til Danmarks museer"}]},{"@type":"WebSite","@id":"https:\/\/useeum.com\/sites\/#website","url":"https:\/\/useeum.com\/sites\/","name":"https:\/\/useeum.com\/sites\/","description":"Din indgang til Danmarks museer","publisher":{"@id":"https:\/\/useeum.com\/sites\/#organization"},"potentialAction":[{"@type":"SearchAction","target":{"@type":"EntryPoint","urlTemplate":"https:\/\/useeum.com\/sites\/?s={search_term_string}"},"query-input":{"@type":"PropertyValueSpecification","valueRequired":true,"valueName":"search_term_string"}}],"inLanguage":"da-DK"},{"@type":"Organization","@id":"https:\/\/useeum.com\/sites\/#organization","name":"Useeum","url":"https:\/\/useeum.com\/sites\/","logo":{"@type":"ImageObject","inLanguage":"da-DK","@id":"https:\/\/useeum.com\/sites\/#\/schema\/logo\/image\/","url":"https:\/\/useeum.com\/sites\/wp-content\/uploads\/2023\/03\/logo-250x250-1.png","contentUrl":"https:\/\/useeum.com\/sites\/wp-content\/uploads\/2023\/03\/logo-250x250-1.png","width":250,"height":250,"caption":"Useeum"},"image":{"@id":"https:\/\/useeum.com\/sites\/#\/schema\/logo\/image\/"},"sameAs":["https:\/\/www.facebook.com\/Useeum","https:\/\/www.instagram.com\/useeum_\/"]}]}},"_links":{"self":[{"href":"https:\/\/useeum.com\/sites\/wp-json\/wp\/v2\/pages\/345","targetHints":{"allow":["GET"]}}],"collection":[{"href":"https:\/\/useeum.com\/sites\/wp-json\/wp\/v2\/pages"}],"about":[{"href":"https:\/\/useeum.com\/sites\/wp-json\/wp\/v2\/types\/page"}],"author":[{"embeddable":true,"href":"https:\/\/useeum.com\/sites\/wp-json\/wp\/v2\/users\/1"}],"replies":[{"embeddable":true,"href":"https:\/\/useeum.com\/sites\/wp-json\/wp\/v2\/comments?post=345"}],"version-history":[{"count":246,"href":"https:\/\/useeum.com\/sites\/wp-json\/wp\/v2\/pages\/345\/revisions"}],"predecessor-version":[{"id":9658,"href":"https:\/\/useeum.com\/sites\/wp-json\/wp\/v2\/pages\/345\/revisions\/9658"}],"wp:featuredmedia":[{"embeddable":true,"href":"https:\/\/useeum.com\/sites\/wp-json\/wp\/v2\/media\/1196"}],"wp:attachment":[{"href":"https:\/\/useeum.com\/sites\/wp-json\/wp\/v2\/media?parent=345"}],"curies":[{"name":"wp","href":"https:\/\/api.w.org\/{rel}","templated":true}]}}