{"id":8080,"date":"2019-06-05T09:36:37","date_gmt":"2019-06-05T07:36:37","guid":{"rendered":"https:\/\/useeum.com\/institutions\/?page_id=8080"},"modified":"2022-06-14T15:33:49","modified_gmt":"2022-06-14T13:33:49","slug":"konkurrencevilkaar","status":"publish","type":"page","link":"https:\/\/useeum.com\/institutions\/da\/konkurrencevilkaar\/","title":{"rendered":"Konkurrencevilk\u00e5r"},"content":{"rendered":"[vc_row type=&#8221;full_width_content&#8221; full_screen_row_position=&#8221;middle&#8221; equal_height=&#8221;yes&#8221; content_placement=&#8221;middle&#8221; bg_color=&#8221;#f4f4f4&#8243; scene_position=&#8221;center&#8221; text_color=&#8221;dark&#8221; text_align=&#8221;left&#8221; overlay_strength=&#8221;0.3&#8243;][vc_column enable_animation=&#8221;true&#8221; animation=&#8221;fade-in-from-bottom&#8221; column_padding=&#8221;padding-10-percent&#8221; column_padding_position=&#8221;all&#8221; background_color_opacity=&#8221;1&#8243; background_hover_color_opacity=&#8221;1&#8243; column_shadow=&#8221;none&#8221; width=&#8221;1\/1&#8243; tablet_text_alignment=&#8221;default&#8221; phone_text_alignment=&#8221;default&#8221; column_border_width=&#8221;none&#8221; column_border_style=&#8221;solid&#8221; delay=&#8221;100&#8243;][vc_row_inner column_margin=&#8221;default&#8221; text_align=&#8221;left&#8221;][vc_column_inner column_padding=&#8221;no-extra-padding&#8221; column_padding_position=&#8221;all&#8221; background_color_opacity=&#8221;1&#8243; width=&#8221;1\/1&#8243; column_border_width=&#8221;none&#8221; column_border_style=&#8221;solid&#8221;][vc_custom_heading text=&#8221;Konkurrencevilk\u00e5r&#8221; font_container=&#8221;tag:h2|font_size:40|text_align:left|line_height:50px&#8221; use_theme_fonts=&#8221;yes&#8221;][divider line_type=&#8221;No Line&#8221;][vc_column_text]<b>1. Generelle betingelser<\/b><\/p>\n<p><span style=\"font-weight: 400;\">Konkurrencen udbydes af Useeum ApS (\u201cUseeum\u201d), CVR: 36 71 66 30, Filmbyen 19, 2., 8000 Aarhus C. Konkurrencen er st\u00f8ttet af en r\u00e6kke samarbejdspartnere og sponsorer.\u00a0<\/span><span style=\"font-weight: 400;\">Henvendelser vedr\u00f8rende konkurrencen kan rettes til <\/span><em><a href=\"mailto:us@useeum.com\"><span style=\"font-weight: 400;\">us@useeum.com<\/span><\/a><\/em><span style=\"font-weight: 400;\">.<\/span><\/p>\n<p><span style=\"font-weight: 400;\">N\u00e5r du deltager i konkurrencen, accepterer du samtidig disse konkurrencevilk\u00e5r. Useeum forbeholder sig til enhver tid retten til at tilpasse betingelser og procedurer for n\u00e6rv\u00e6rende konkurrence.<\/span>[\/vc_column_text][divider line_type=&#8221;No Line&#8221;][vc_column_text]<b>2. Konkurrenceperiode<\/b><\/p>\n<p><span style=\"font-weight: 400;\">Konkurrencen starter 15\/06\/22 og slutter 15\/08\/22.<\/span>[\/vc_column_text][divider line_type=&#8221;No Line&#8221;][vc_column_text]<b>3. Hvem kan deltage?<\/b><\/p>\n<p><span style=\"font-weight: 400;\">Konkurrencen er \u00e5ben for alle, men henvender sig s\u00e6rligt til familier med b\u00f8rn i alderen 6-12 \u00e5r. Ansatte i Useeum <\/span><span style=\"font-weight: 400;\">og konkurrencens samarbejdspartnere<\/span><span style=\"font-weight: 400;\"> samt disses \u00e6gtef\u00e6ller\/k\u00e6rester\/b\u00f8rn m\u00e5 ikke deltage i konkurrencen.<\/span>[\/vc_column_text][divider line_type=&#8221;No Line&#8221;][vc_column_text]<b>4. S\u00e5dan deltager du i konkurrencen<\/b><\/p>\n<ul>\n<li style=\"font-weight: 400;\"><span style=\"font-weight: 400;\">Hent den gratis app Useeum i <\/span><em><a href=\"https:\/\/itunes.apple.com\/dk\/app\/useeum\/id1025889573?l=da&amp;mt=8\"><span style=\"font-weight: 400;\">App Store<\/span><\/a><\/em><span style=\"font-weight: 400;\"> eller <\/span><em><a href=\"https:\/\/play.google.com\/store\/apps\/details?id=com.useeum.useeum&amp;hl=da\"><span style=\"font-weight: 400;\">Google Play<\/span><\/a><\/em><span style=\"font-weight: 400;\">.<\/span><\/li>\n<li><span style=\"font-weight: 400;\">Bes\u00f8g et af de 14 museer, der er med i ekspeditionen.<\/span><\/li>\n<li><span style=\"font-weight: 400;\">L\u00f8s museets mission, og indsend dine oplysninger via appen.<\/span><\/li>\n<\/ul>\n[\/vc_column_text][divider line_type=&#8221;No Line&#8221;][vc_column_text]<b>5. Pr\u00e6mier<\/b><\/p>\n<p><span style=\"font-weight: 400;\">N\u00e5r konkurrencen er slut, tr\u00e6kker vi lod blandt alle deltagere om pr\u00e6mier sponsoreret af MuseumsEkspeditionens samarbejdspartnere. Du optjener \u00e9t lod pr. gennemf\u00f8rt mission pr. enhed &#8211; jo flere missioner du gennemf\u00f8rer, desto bedre chance har du for at vinde. Der kan maksimalt optjenes 1 lod pr. spil pr. enhed.<\/span><\/p>\n<p>Derudover er der mulighed for at vinde nogle af pr\u00e6mierne via konkurrencer p\u00e5 Useeums sider p\u00e5 Facebook og Instagram.[\/vc_column_text][divider line_type=&#8221;No Line&#8221;][vc_column_text]Den samlede pr\u00e6miepulje er:<\/p>\n<ul>\n<li>5 \u00e5rsabonnementer p\u00e5 Anders And og Co.<\/li>\n<li>5 gavekort til Coop butikker<\/li>\n<li>1 gavekort til Danhostel<\/li>\n<li>6 gavekort til FDM shop<\/li>\n<li>1 gavekort til cruise med Fjord Line<\/li>\n<li>10 gavekort til Go Monkey<\/li>\n<li>6 gavekort til iscaf\u00e9 i J\u00e6gerspris fra Hansens Is<\/li>\n<li>10 gavekort til Jensens B\u00f8fhus<\/li>\n<li>20 b\u00f8rneknive fra Junior Grej<\/li>\n<li>2 b\u00f8ger og 7 gavekort til leget\u00f8j fra LaLaToys<\/li>\n<li>1 \u00e5rskort og 4 fribilletter til Leo&#8217;s Legeland<\/li>\n<li>6 gavekort til fotoprodukter fra Pixum<\/li>\n<li>2 gavekort til Small Danish Hotels<\/li>\n<li>Samt museumsbilletter og andre museumspr\u00e6mier<\/li>\n<\/ul>\n<p>Den samlede v\u00e6rdi af pr\u00e6mierne er over 65.000 kr. Pr\u00e6mierne vil blive fordelt i et antal pr\u00e6miepakker, s\u00e5ledes at nogle vindere vinder en pakke med flere pr\u00e6mier i, mens andre vinder enkeltst\u00e5ende pr\u00e6mier.[\/vc_column_text][divider line_type=&#8221;No Line&#8221;][vc_column_text]<b>6. Brug af sociale medier til markedsf\u00f8ring<\/b><\/p>\n<p><span style=\"font-weight: 400;\">MuseumsEkspeditionen bliver markedsf\u00f8rt p\u00e5 sociale medier som fx Facebook og Instagram via b\u00e5de almindelige opslag og annoncer. <\/span><\/p>\n<p><span style=\"font-weight: 400;\">Vi g\u00f8r i den forbindelse opm\u00e6rksom p\u00e5, at Facebook og Instagram ikke er involveret i konkurrencen i form af administration, sponsorat eller p\u00e5 anden vis.<\/span><\/p>\n<p><span style=\"font-weight: 400;\">Hvis du tager billeder, er du meget velkommen til at dele dem p\u00e5 Instagram via #MuseumsEkspeditionen2022 og tagge <\/span><a href=\"https:\/\/www.instagram.com\/useeum_\/\"><span style=\"font-weight: 400;\">@useeum_<\/span><\/a><span style=\"font-weight: 400;\">. Useeum og konkurrencens samarbejdspartnere forbeholder sig retten til at reposte billeder til brug for markedsf\u00f8ring.<\/span>[\/vc_column_text][divider line_type=&#8221;No Line&#8221;][vc_column_text]<b>7. Udv\u00e6lgelse og offentligg\u00f8relse af vinderee<\/b><\/p>\n<p><span style=\"font-weight: 400;\">Vinderne af konkurrencen tr\u00e6kkes ved tilf\u00e6ldig lodtr\u00e6kning og offentligg\u00f8res hurtigst muligt efter konkurrencens afslutning.<\/span><\/p>\n<p><span style=\"font-weight: 400;\">MuseumsEkspeditionens Facebook- og Instagram-konkurrencer afvikles l\u00f8bende henover sommeren &#8211; vinderne tr\u00e6kkes ved tilf\u00e6ldig lodtr\u00e6kning og offentligg\u00f8res l\u00f8bende.<\/span><\/p>\n<p><span style=\"font-weight: 400;\">Vinderne vil f\u00e5 besked pr. mail eller via Facebook\/Instagram. Hvis en vinder ikke reagerer p\u00e5 Useeums henvendelse inden for<\/span><span style=\"font-weight: 400;\">\u00a014 kalenderdage<\/span><span style=\"font-weight: 400;\">, er Useeum berettiget til at udtr\u00e6kke nye vindere.<\/span><\/p>\n<p><span style=\"font-weight: 400;\">Alle vindere vil blive offentliggjort p\u00e5 Useeums website og sociale medier.<\/span>[\/vc_column_text][divider line_type=&#8221;No Line&#8221;][vc_column_text]<b>8. Personoplysninger<\/b><\/p>\n<p><span style=\"font-weight: 400;\">N\u00e5r du deltager i konkurrencen, giver du samtidig samtykke til, at Useeum m\u00e5 registrere og opbevare dine personoplysninger (navn + email) til brug for konkurrencens gennemf\u00f8relse.<\/span><\/p>\n<p><span style=\"font-weight: 400;\">N\u00e5r konkurrencen er afsluttet, og pr\u00e6mierne er leveret til vinderne, vil dine personoplysninger blive slettet. I overensstemmelse med persondataloven har du til enhver tid ret til at f\u00e5 indsigt i samt til at korrigere de oplysninger, som Useeum har registreret om dig.<\/span>[\/vc_column_text][\/vc_column_inner][\/vc_row_inner][\/vc_column][\/vc_row]\n","protected":false},"excerpt":{"rendered":"<p>[vc_row type=&#8221;full_width_content&#8221; full_screen_row_position=&#8221;middle&#8221; equal_height=&#8221;yes&#8221; content_placement=&#8221;middle&#8221; bg_color=&#8221;#f4f4f4&#8243; scene_position=&#8221;center&#8221; text_color=&#8221;dark&#8221; text_align=&#8221;left&#8221; overlay_strength=&#8221;0.3&#8243;][vc_column enable_animation=&#8221;true&#8221; animation=&#8221;fade-in-from-bottom&#8221; column_padding=&#8221;padding-10-percent&#8221; column_padding_position=&#8221;all&#8221; background_color_opacity=&#8221;1&#8243;&#8230;<\/p>\n","protected":false},"author":2,"featured_media":0,"parent":0,"menu_order":0,"comment_status":"closed","ping_status":"closed","template":"","meta":[],"_links":{"self":[{"href":"https:\/\/useeum.com\/institutions\/da\/wp-json\/wp\/v2\/pages\/8080\/"}],"collection":[{"href":"https:\/\/useeum.com\/institutions\/da\/wp-json\/wp\/v2\/pages\/"}],"about":[{"href":"https:\/\/useeum.com\/institutions\/da\/wp-json\/wp\/v2\/types\/page\/"}],"author":[{"embeddable":true,"href":"https:\/\/useeum.com\/institutions\/da\/wp-json\/wp\/v2\/users\/2\/"}],"replies":[{"embeddable":true,"href":"https:\/\/useeum.com\/institutions\/da\/wp-json\/wp\/v2\/comments\/?post=8080"}],"version-history":[{"count":34,"href":"https:\/\/useeum.com\/institutions\/da\/wp-json\/wp\/v2\/pages\/8080\/revisions\/"}],"predecessor-version":[{"id":9243,"href":"https:\/\/useeum.com\/institutions\/da\/wp-json\/wp\/v2\/pages\/8080\/revisions\/9243\/"}],"wp:attachment":[{"href":"https:\/\/useeum.com\/institutions\/da\/wp-json\/wp\/v2\/media\/?parent=8080"}],"curies":[{"name":"wp","href":"https:\/\/api.w.org\/{rel}","templated":true}]}}