{"id":8016,"date":"2019-06-05T09:06:21","date_gmt":"2019-06-05T07:06:21","guid":{"rendered":"https:\/\/useeum.com\/institutions\/?page_id=8016"},"modified":"2022-09-06T09:22:23","modified_gmt":"2022-09-06T07:22:23","slug":"museumsekspeditionen","status":"publish","type":"page","link":"https:\/\/useeum.com\/institutions\/da\/museumsekspeditionen\/","title":{"rendered":"MuseumsEkspeditionen"},"content":{"rendered":"[vc_row type=&#8221;full_width_content&#8221; full_screen_row_position=&#8221;middle&#8221; equal_height=&#8221;yes&#8221; content_placement=&#8221;middle&#8221; bg_color=&#8221;#ffffff&#8221; scene_position=&#8221;center&#8221; text_color=&#8221;dark&#8221; text_align=&#8221;left&#8221; overlay_strength=&#8221;0.3&#8243;][vc_column column_padding=&#8221;no-extra-padding&#8221; column_padding_position=&#8221;all&#8221; background_color=&#8221;#ffffff&#8221; background_color_opacity=&#8221;1&#8243; background_hover_color_opacity=&#8221;1&#8243; column_shadow=&#8221;none&#8221; el_class=&#8221;pull-right-desktop&#8221; width=&#8221;1\/2&#8243; tablet_text_alignment=&#8221;default&#8221; phone_text_alignment=&#8221;default&#8221; column_border_width=&#8221;none&#8221; column_border_style=&#8221;solid&#8221;][image_with_animation image_url=&#8221;9264&#8243; alignment=&#8221;&#8221; animation=&#8221;Fade In From Right&#8221; img_link_large=&#8221;yes&#8221; box_shadow=&#8221;none&#8221; max_width=&#8221;100%&#8221; delay=&#8221;100&#8243;][\/vc_column][vc_column enable_animation=&#8221;true&#8221; animation=&#8221;fade-in-from-bottom&#8221; column_padding=&#8221;padding-10-percent&#8221; column_padding_position=&#8221;all&#8221; background_color_opacity=&#8221;1&#8243; background_hover_color_opacity=&#8221;1&#8243; column_shadow=&#8221;none&#8221; width=&#8221;1\/2&#8243; tablet_text_alignment=&#8221;default&#8221; phone_text_alignment=&#8221;default&#8221; column_border_width=&#8221;none&#8221; column_border_style=&#8221;solid&#8221; delay=&#8221;100&#8243;][vc_row_inner column_margin=&#8221;default&#8221; text_align=&#8221;left&#8221;][vc_column_inner column_padding=&#8221;no-extra-padding&#8221; column_padding_position=&#8221;all&#8221; background_color_opacity=&#8221;1&#8243; width=&#8221;1\/1&#8243; column_border_width=&#8221;none&#8221; column_border_style=&#8221;solid&#8221;][vc_custom_heading text=&#8221;MuseumsEkspeditionen&#8221; font_container=&#8221;tag:h2|font_size:40|text_align:left|line_height:50px&#8221; use_theme_fonts=&#8221;yes&#8221;][divider line_type=&#8221;No Line&#8221; custom_height=&#8221;20&#8243;][vc_column_text]<strong>MUSEUMSEKSPEDITIONEN 2022 ER SLUT<\/strong><br \/>\nVinderne er nu udtrukket og kontaktet! Stor tak til alle deltagere, medvirkende museer og sponsorer.<\/p>\n<p>Vi forventer at vende tilbage i sommeren 2023 med endnu en MuseumsEkspedition &#8211; skriv til os, hvis dit museum skal v\u00e6re med![\/vc_column_text][divider line_type=&#8221;Full Width Line&#8221; line_thickness=&#8221;1&#8243; divider_color=&#8221;default&#8221; custom_height=&#8221;20&#8243;][vc_column_text]Tag familien med p\u00e5 museum, l\u00f8s sjove missioner p\u00e5 mobilen, og vind pr\u00e6mier for over 65.000 kr.[\/vc_column_text][divider line_type=&#8221;No Line&#8221; custom_height=&#8221;20&#8243;][vc_column_text]<strong>S\u00c5DAN DELTAGER DU:<br \/>\n<\/strong><strong>1.<\/strong> Hent appen Useeum i <a href=\"https:\/\/apps.apple.com\/dk\/app\/useeum\/id1025889573?l=da\">App Store<\/a> eller <a href=\"https:\/\/play.google.com\/store\/apps\/details?id=com.useeum.useeum&amp;hl=da&amp;gl=US\">Google Play<\/a>.[\/vc_column_text][vc_column_text]<span style=\"font-weight: 400;\"><strong>2.<\/strong> Bes\u00f8g et eller flere af de 14 museer, der er med i ekspeditionen.<\/span>[\/vc_column_text][vc_column_text]<span style=\"font-weight: 400;\"><strong>3.<\/strong> L\u00f8s museets mission, og indsend dine oplysninger via appen.<\/span><\/p>\n<p>Jo flere missioner, du l\u00f8ser, desto st\u00f8rre er din chance for at vinde. Konkurrencen l\u00f8ber fra 15\/6 til 15\/8 2022.<\/p>\n<p><em><a href=\"https:\/\/useeum.com\/institutions\/da\/?page_id=8080&amp;preview=true\">Klik her for at l\u00e6se konkurrencevilk\u00e5rene<\/a><\/em>.[\/vc_column_text][divider line_type=&#8221;No Line&#8221; custom_height=&#8221;50&#8243;][nectar_btn size=&#8221;large&#8221; open_new_tab=&#8221;true&#8221; button_style=&#8221;regular&#8221; button_color_2=&#8221;Accent-Color&#8221; icon_family=&#8221;none&#8221; text=&#8221;Hent Useeum-appen nu&#8221; url=&#8221;http:\/\/applink.dk\/useeum&#8221;][\/vc_column_inner][\/vc_row_inner][\/vc_column][\/vc_row][vc_row type=&#8221;full_width_content&#8221; full_screen_row_position=&#8221;middle&#8221; equal_height=&#8221;yes&#8221; content_placement=&#8221;middle&#8221; bg_color=&#8221;#ffffff&#8221; scene_position=&#8221;center&#8221; text_color=&#8221;dark&#8221; text_align=&#8221;left&#8221; overlay_strength=&#8221;0.3&#8243;][vc_column enable_animation=&#8221;true&#8221; animation=&#8221;fade-in-from-left&#8221; column_padding=&#8221;no-extra-padding&#8221; column_padding_position=&#8221;all&#8221; background_color=&#8221;#ffffff&#8221; background_color_opacity=&#8221;1&#8243; background_hover_color_opacity=&#8221;1&#8243; column_shadow=&#8221;none&#8221; width=&#8221;1\/2&#8243; tablet_text_alignment=&#8221;default&#8221; phone_text_alignment=&#8221;default&#8221; column_border_width=&#8221;none&#8221; column_border_style=&#8221;solid&#8221; delay=&#8221;100&#8243;][image_with_animation image_url=&#8221;7548&#8243; alignment=&#8221;&#8221; animation=&#8221;Fade In&#8221; box_shadow=&#8221;none&#8221; max_width=&#8221;100%&#8221;][\/vc_column][vc_column enable_animation=&#8221;true&#8221; animation=&#8221;fade-in-from-bottom&#8221; column_padding=&#8221;padding-10-percent&#8221; column_padding_position=&#8221;left-right&#8221; background_color=&#8221;#ffffff&#8221; background_color_opacity=&#8221;1&#8243; background_hover_color_opacity=&#8221;1&#8243; column_shadow=&#8221;none&#8221; width=&#8221;1\/2&#8243; tablet_text_alignment=&#8221;default&#8221; phone_text_alignment=&#8221;default&#8221; column_border_width=&#8221;none&#8221; column_border_style=&#8221;solid&#8221; delay=&#8221;100&#8243;][vc_row_inner column_margin=&#8221;default&#8221; text_align=&#8221;left&#8221;][vc_column_inner column_padding=&#8221;no-extra-padding&#8221; column_padding_position=&#8221;all&#8221; background_color_opacity=&#8221;1&#8243; width=&#8221;1\/1&#8243; column_border_width=&#8221;none&#8221; column_border_style=&#8221;solid&#8221;][vc_custom_heading text=&#8221;Missionerne&#8221; font_container=&#8221;tag:h2|font_size:40|text_align:left|line_height:50px&#8221; use_theme_fonts=&#8221;yes&#8221;][vc_column_text]Der er forskellige typer af missioner, og de er fordelt over hele Danmark. Der er tilmed en enkelt i Norge:[\/vc_column_text][divider line_type=&#8221;No Line&#8221;][vc_column_text]<strong>MuseumsMysteriet<\/strong> | Hj\u00e6lp Professor Blom med at stoppe museumstyven Heidenreich, der har planer om at stj\u00e6le v\u00e6rdifulde skatte p\u00e5:<\/p>\n<ul>\n<li>ARoS<\/li>\n<li>Kongernes Jelling<\/li>\n<li>N\u00f8rre Vosborg<\/li>\n<li>S\u00f8nderborg Slot<\/li>\n<li>Egeskov<\/li>\n<li>Christiansborg Slot<\/li>\n<li>Roskilde Museum<\/li>\n<li>Vikingeskibsmuseet<\/li>\n<li>Hammershus<\/li>\n<li>Kanonmuseet Kristiansand<\/li>\n<\/ul>\n[\/vc_column_text][divider line_type=&#8221;No Line&#8221;][vc_column_text]<strong>Flugten fra Fr\u00f8slev<\/strong>\u00a0| Bes\u00f8g Fr\u00f8slevlejren, og hj\u00e6lp unge Blom med at flygte, inden den onde SS-Sturmbannf\u00fchrer Heidenreich sender ham i kz-lejr.[\/vc_column_text][divider line_type=&#8221;No Line&#8221;][vc_column_text]<strong>Kampen om Dynamitten<\/strong>\u00a0| Bes\u00f8g M\u00f8nsted Kalkgruber, og hj\u00e6lp Marie, bestyreren og arbejderne med at v\u00e6lge, om der fortsat skal spr\u00e6nges med dynamit nede i minerne eller ej.[\/vc_column_text][divider line_type=&#8221;No Line&#8221;][vc_column_text]<strong>Mysteriet om Dannebrog<\/strong> | Bes\u00f8g Danmarks Borgcenter og unders\u00f8g myten om Dannebrog, som faldt ned fra himlen.[\/vc_column_text][divider line_type=&#8221;No Line&#8221;][vc_column_text]<strong>Mytedetektiverne | <\/strong>Bes\u00f8g Historiens Hus, og hj\u00e6lp Mytedetektiverne med at unders\u00f8ge Odenses gamle myter.[\/vc_column_text][divider line_type=&#8221;No Line&#8221;][vc_column_text]Spillene er gratis de fleste steder. P\u00e5 Kongernes Jelling og Hammershus koster de 45 kr. Til geng\u00e6ld er der gratis entr\u00e9 disse steder.[\/vc_column_text][\/vc_column_inner][\/vc_row_inner][\/vc_column][\/vc_row][vc_row type=&#8221;full_width_content&#8221; full_screen_row_position=&#8221;middle&#8221; equal_height=&#8221;yes&#8221; content_placement=&#8221;middle&#8221; bg_color=&#8221;#ffffff&#8221; scene_position=&#8221;center&#8221; text_color=&#8221;dark&#8221; text_align=&#8221;left&#8221; overlay_strength=&#8221;0.3&#8243;][vc_column column_padding=&#8221;no-extra-padding&#8221; column_padding_position=&#8221;all&#8221; background_color_opacity=&#8221;1&#8243; background_color_hover=&#8221;#ffffff&#8221; background_hover_color_opacity=&#8221;1&#8243; column_shadow=&#8221;none&#8221; el_class=&#8221;pull-right-desktop&#8221; width=&#8221;1\/2&#8243; tablet_text_alignment=&#8221;default&#8221; phone_text_alignment=&#8221;default&#8221; column_border_width=&#8221;none&#8221; column_border_style=&#8221;solid&#8221;][image_with_animation image_url=&#8221;9282&#8243; alignment=&#8221;&#8221; animation=&#8221;Fade In From Right&#8221; box_shadow=&#8221;none&#8221; max_width=&#8221;100%&#8221; delay=&#8221;100&#8243;][\/vc_column][vc_column enable_animation=&#8221;true&#8221; animation=&#8221;fade-in-from-bottom&#8221; column_padding=&#8221;padding-10-percent&#8221; column_padding_position=&#8221;all&#8221; background_color_opacity=&#8221;1&#8243; background_hover_color_opacity=&#8221;1&#8243; column_shadow=&#8221;none&#8221; width=&#8221;1\/2&#8243; tablet_text_alignment=&#8221;default&#8221; phone_text_alignment=&#8221;default&#8221; column_border_width=&#8221;none&#8221; column_border_style=&#8221;solid&#8221; delay=&#8221;100&#8243;][vc_row_inner column_margin=&#8221;default&#8221; text_align=&#8221;left&#8221;][vc_column_inner column_padding=&#8221;no-extra-padding&#8221; column_padding_position=&#8221;all&#8221; background_color_opacity=&#8221;1&#8243; width=&#8221;1\/1&#8243; column_border_width=&#8221;none&#8221; column_border_style=&#8221;solid&#8221;][vc_custom_heading text=&#8221;Vind pr\u00e6mier for over 65.000 kr.&#8221; font_container=&#8221;tag:h2|font_size:40|text_align:left|line_height:50px&#8221; use_theme_fonts=&#8221;yes&#8221;][vc_column_text]<span style=\"font-weight: 400;\">For hver mission, du gennemf\u00f8rer, har du en chance for at vinde l\u00e6kre pr\u00e6mier fra MuseumsEkspeditionens sponsorer:<\/span><\/p>\n<ul>\n<li>5 \u00e5rsabonnementer p\u00e5 Anders And og Co.<\/li>\n<li>5 gavekort til Coop butikker<\/li>\n<li>1 gavekort til Danhostel<\/li>\n<li>6 gavekort til FDM shop<\/li>\n<li>1 gavekort til cruise med Fjord Line<\/li>\n<li>10 gavekort til Go Monkey<\/li>\n<li>6 gavekort til iscaf\u00e9 i J\u00e6gerspris fra Hansens Is<\/li>\n<li>10 gavekort til Jensens B\u00f8fhus<\/li>\n<li>20 b\u00f8rneknive fra Junior Grej<\/li>\n<li>2 b\u00f8ger og 7 gavekort til leget\u00f8j fra LaLaToys<\/li>\n<li>1 \u00e5rskort og 4 fribilletter til Leo&#8217;s Legeland<\/li>\n<li>6 gavekort til fotoprodukter fra Pixum<\/li>\n<li>2 gavekort til Riddlehouse<\/li>\n<li>2 gavekort til Small Danish Hotels<\/li>\n<li>Samt museumsbilletter og andre museumspr\u00e6mier<\/li>\n<\/ul>\n<p>Du har ogs\u00e5 mulighed for at vinde nogle af pr\u00e6mierne via konkurrencer p\u00e5 <a href=\"https:\/\/www.facebook.com\/Useeum\/\" target=\"_blank\" rel=\"noopener\">Facebook<\/a> og <a href=\"https:\/\/www.instagram.com\/useeum_\/?hl=da\" target=\"_blank\" rel=\"noopener\">Instagram<\/a>.[\/vc_column_text][\/vc_column_inner][\/vc_row_inner][\/vc_column][\/vc_row]\n","protected":false},"excerpt":{"rendered":"<p>[vc_row type=&#8221;full_width_content&#8221; full_screen_row_position=&#8221;middle&#8221; equal_height=&#8221;yes&#8221; content_placement=&#8221;middle&#8221; bg_color=&#8221;#ffffff&#8221; scene_position=&#8221;center&#8221; text_color=&#8221;dark&#8221; text_align=&#8221;left&#8221; overlay_strength=&#8221;0.3&#8243;][vc_column column_padding=&#8221;no-extra-padding&#8221; column_padding_position=&#8221;all&#8221; background_color=&#8221;#ffffff&#8221; background_color_opacity=&#8221;1&#8243; background_hover_color_opacity=&#8221;1&#8243;&#8230;<\/p>\n","protected":false},"author":2,"featured_media":0,"parent":0,"menu_order":0,"comment_status":"closed","ping_status":"closed","template":"","meta":[],"_links":{"self":[{"href":"https:\/\/useeum.com\/institutions\/da\/wp-json\/wp\/v2\/pages\/8016\/"}],"collection":[{"href":"https:\/\/useeum.com\/institutions\/da\/wp-json\/wp\/v2\/pages\/"}],"about":[{"href":"https:\/\/useeum.com\/institutions\/da\/wp-json\/wp\/v2\/types\/page\/"}],"author":[{"embeddable":true,"href":"https:\/\/useeum.com\/institutions\/da\/wp-json\/wp\/v2\/users\/2\/"}],"replies":[{"embeddable":true,"href":"https:\/\/useeum.com\/institutions\/da\/wp-json\/wp\/v2\/comments\/?post=8016"}],"version-history":[{"count":207,"href":"https:\/\/useeum.com\/institutions\/da\/wp-json\/wp\/v2\/pages\/8016\/revisions\/"}],"predecessor-version":[{"id":9291,"href":"https:\/\/useeum.com\/institutions\/da\/wp-json\/wp\/v2\/pages\/8016\/revisions\/9291\/"}],"wp:attachment":[{"href":"https:\/\/useeum.com\/institutions\/da\/wp-json\/wp\/v2\/media\/?parent=8016"}],"curies":[{"name":"wp","href":"https:\/\/api.w.org\/{rel}","templated":true}]}}