{"id":7137,"date":"2018-10-26T10:28:11","date_gmt":"2018-10-26T08:28:11","guid":{"rendered":"https:\/\/useeum.com\/institutions\/?page_id=7137\/"},"modified":"2018-11-15T15:45:34","modified_gmt":"2018-11-15T14:45:34","slug":"nyhedsbrev","status":"publish","type":"page","link":"https:\/\/useeum.com\/institutions\/da\/nyhedsbrev\/","title":{"rendered":"Nyhedsbrev"},"content":{"rendered":"[vc_row type=&#8221;in_container&#8221; full_screen_row_position=&#8221;middle&#8221; full_height=&#8221;yes&#8221; scene_position=&#8221;center&#8221; text_color=&#8221;dark&#8221; text_align=&#8221;left&#8221; overlay_strength=&#8221;0.3&#8243;][vc_column column_padding=&#8221;padding-5-percent&#8221; column_padding_position=&#8221;all&#8221; background_color_opacity=&#8221;1&#8243; background_hover_color_opacity=&#8221;1&#8243; column_shadow=&#8221;none&#8221; width=&#8221;1\/2&#8243; tablet_text_alignment=&#8221;default&#8221; phone_text_alignment=&#8221;default&#8221; column_border_width=&#8221;none&#8221; column_border_style=&#8221;solid&#8221;][vc_row_inner column_margin=&#8221;default&#8221; text_align=&#8221;left&#8221;][vc_column_inner column_padding=&#8221;no-extra-padding&#8221; column_padding_position=&#8221;all&#8221; background_color_opacity=&#8221;1&#8243; font_color=&#8221;#000000&#8243; width=&#8221;1\/1&#8243; column_border_width=&#8221;none&#8221; column_border_style=&#8221;solid&#8221;][vc_custom_heading text=&#8221;USEEUM UPDATE&#8221; font_container=&#8221;tag:h2|font_size:40|text_align:left|line_height:50px&#8221; use_theme_fonts=&#8221;yes&#8221;][\/vc_column_inner][\/vc_row_inner][vc_row_inner column_margin=&#8221;default&#8221; text_align=&#8221;left&#8221;][vc_column_inner column_padding=&#8221;no-extra-padding&#8221; column_padding_position=&#8221;all&#8221; background_color_opacity=&#8221;1&#8243; font_color=&#8221;#000000&#8243; width=&#8221;1\/1&#8243; column_border_width=&#8221;none&#8221; column_border_style=&#8221;solid&#8221;][vc_column_text css=&#8221;.vc_custom_1540542634748{margin-top: 30px !important;margin-bottom: 30px !important;}&#8221;]<span style=\"font-weight: 400;\">Interesserer du dig for digital formidling i museumsbranchen? <\/span><\/p>\n<p><span style=\"font-weight: 400;\">Vil du gerne have v\u00e6rdifulde inputs til det gode indhold?<\/span><\/p>\n<p><span style=\"font-weight: 400;\">S\u00e5 skriv dig op til USEEUM UPDATE. Her kan du ogs\u00e5 blive klogere p\u00e5 vores forskellige l\u00f8sninger og formidlingskoncepter samt f\u00f8lge vores jagt p\u00e5 verdensherred\u00f8mmet. <\/span><\/p>\n<p><span style=\"font-weight: 400;\">Vi lover, at vi kun skriver til dig, n\u00e5r der er noget relevant at fort\u00e6lle! <\/span>[\/vc_column_text][\/vc_column_inner][\/vc_row_inner][\/vc_column][vc_column column_padding=&#8221;padding-5-percent&#8221; column_padding_position=&#8221;all&#8221; background_color_opacity=&#8221;1&#8243; background_hover_color_opacity=&#8221;1&#8243; column_shadow=&#8221;none&#8221; width=&#8221;1\/2&#8243; tablet_text_alignment=&#8221;default&#8221; phone_text_alignment=&#8221;default&#8221; column_border_width=&#8221;none&#8221; column_border_style=&#8221;solid&#8221;][vc_raw_html el_class=&#8221;makeable&#8221;]JTNDJTIxLS0lMjBCZWdpbiUyME1haWxjaGltcCUyMFNpZ251cCUyMEZvcm0lMjAtLSUzRSUwQSUzQ2RpdiUyMGlkJTNEJTIybWNfZW1iZWRfc2lnbnVwJTIyJTNFJTBBJTNDZm9ybSUyMGFjdGlvbiUzRCUyMmh0dHBzJTNBJTJGJTJGdXNlZXVtLnVzMTkubGlzdC1tYW5hZ2UuY29tJTJGc3Vic2NyaWJlJTJGcG9zdCUzRnUlM0Q3YjJlYmU2MzZhNTI5NDk4NjAxMjViYWE4JTI2YW1wJTNCaWQlM0QzNTNhZGVlNDQ1JTIyJTIwbWV0aG9kJTNEJTIycG9zdCUyMiUyMGlkJTNEJTIybWMtZW1iZWRkZWQtc3Vic2NyaWJlLWZvcm0lMjIlMjBuYW1lJTNEJTIybWMtZW1iZWRkZWQtc3Vic2NyaWJlLWZvcm0lMjIlMjBjbGFzcyUzRCUyMnZhbGlkYXRlJTIyJTIwdGFyZ2V0JTNEJTIyX2JsYW5rJTIyJTIwbm92YWxpZGF0ZSUzRSUwQSUyMCUyMCUyMCUyMCUzQ2RpdiUyMGlkJTNEJTIybWNfZW1iZWRfc2lnbnVwX3Njcm9sbCUyMiUzRSUwQSUzQ2RpdiUyMGNsYXNzJTNEJTIybWMtZmllbGQtZ3JvdXAlMjIlM0UlMEElMjAlMjAlMjAlMjAlM0NsYWJlbCUyMGZvciUzRCUyMm1jZS1OQU1FJTIyJTNFTmF2biUyMCUzQyUyRmxhYmVsJTNFJTBBJTIwJTIwJTIwJTIwJTNDaW5wdXQlMjB0eXBlJTNEJTIydGV4dCUyMiUyMHZhbHVlJTNEJTIyJTIyJTIwbmFtZSUzRCUyMk5BTUUlMjIlMjBjbGFzcyUzRCUyMm5hbWUlMjIlMjBpZCUzRCUyMm1jZS1OQU1FJTIyJTNFJTBBJTNDJTJGZGl2JTNFJTBBJTNDZGl2JTIwY2xhc3MlM0QlMjJtYy1maWVsZC1ncm91cCUyMiUzRSUwQSUyMCUyMCUyMCUyMCUzQ2xhYmVsJTIwZm9yJTNEJTIybWNlLUVNQUlMJTIyJTNFRW1haWwlM0MlMkZsYWJlbCUzRSUwQSUyMCUyMCUyMCUyMCUzQ2lucHV0JTIwdHlwZSUzRCUyMmVtYWlsJTIyJTIwdmFsdWUlM0QlMjIlMjIlMjBuYW1lJTNEJTIyRU1BSUwlMjIlMjBjbGFzcyUzRCUyMmVtYWlsJTIyJTIwaWQlM0QlMjJtY2UtRU1BSUwlMjIlM0UlMEElM0MlMkZkaXYlM0UlMEElM0NkaXYlMjBjbGFzcyUzRCUyMm1jLWZpZWxkLWdyb3VwJTIyJTNFJTBBJTIwJTIwJTIwJTIwJTNDbGFiZWwlMjBmb3IlM0QlMjJtY2UtQ09NUEFOWSUyMiUzRVZpcmtzb21oZWQlMjAlMjhWYWxnZnJpJTI5JTNDJTJGbGFiZWwlM0UlMEElMjAlMjAlMjAlMjAlM0NpbnB1dCUyMHR5cGUlM0QlMjJ0ZXh0JTIyJTIwdmFsdWUlM0QlMjIlMjIlMjBuYW1lJTNEJTIyQ09NUEFOWSUyMiUyMGNsYXNzJTNEJTIyJTIyJTIwaWQlM0QlMjJtY2UtQ09NUEFOWSUyMiUzRSUwQSUzQyUyRmRpdiUzRSUwQSUzQ2RpdiUyMGlkJTNEJTIybWVyZ2VSb3ctZ2RwciUyMiUyMGNsYXNzJTNEJTIybWVyZ2VSb3clMjBnZHByLW1lcmdlUm93JTIwY29udGVudF9fZ2RwckJsb2NrJTIwbWMtZmllbGQtZ3JvdXAlMjIlMjBzdHlsZSUzRCUyMmRpc3BsYXklM0ElMjBub25lJTNCJTIyJTNFJTBBJTIwJTIwJTIwJTIwJTNDZGl2JTIwY2xhc3MlM0QlMjJjb250ZW50X19nZHByJTIyJTNFJTBBJTIwJTIwJTIwJTIwJTIwJTIwJTIwJTIwJTNDbGFiZWwlM0VNYXJrZXRpbmclMjBQZXJtaXNzaW9ucyUzQyUyRmxhYmVsJTNFJTBBJTIwJTIwJTIwJTIwJTIwJTIwJTIwJTIwJTNDcCUzRVBsZWFzZSUyMHNlbGVjdCUyMGFsbCUyMHRoZSUyMHdheXMlMjB5b3UlMjB3b3VsZCUyMGxpa2UlMjB0byUyMGhlYXIlMjBmcm9tJTIwVXNlZXVtJTNBJTNDJTJGcCUzRSUwQSUyMCUyMCUyMCUyMCUyMCUyMCUyMCUyMCUzQ2ZpZWxkc2V0JTIwY2xhc3MlM0QlMjJtY19maWVsZHNldCUyMGdkcHJSZXF1aXJlZCUyMG1jLWZpZWxkLWdyb3VwJTIyJTIwbmFtZSUzRCUyMmludGVyZXN0Z3JvdXBfZmllbGQlMjIlM0UlMEElMjAlMjAlMjAlMjAlMjAlMjAlMjAlMjAlM0NsYWJlbCUyMGNsYXNzJTNEJTIyY2hlY2tib3glMjBzdWJmaWVsZCUyMiUyMGZvciUzRCUyMmdkcHJfODQzMSUyMiUzRSUzQ2lucHV0JTIwdHlwZSUzRCUyMmNoZWNrYm94JTIyJTIwaWQlM0QlMjJnZHByXzg0MzElMjIlMjBuYW1lJTNEJTIyZ2RwciU1Qjg0MzElNUQlMjIlMjB2YWx1ZSUzRCUyMlklMjIlMjBjbGFzcyUzRCUyMmF2LWNoZWNrYm94JTIwJTIyJTIwY2hlY2tlZCUzRSUzQ3NwYW4lM0VFbWFpbCUzQyUyRnNwYW4lM0UlMjAlM0MlMkZsYWJlbCUzRSUzQ2xhYmVsJTIwY2xhc3MlM0QlMjJjaGVja2JveCUyMHN1YmZpZWxkJTIyJTIwZm9yJTNEJTIyZ2Rwcl84NDM1JTIyJTNFJTNDaW5wdXQlMjB0eXBlJTNEJTIyY2hlY2tib3glMjIlMjBpZCUzRCUyMmdkcHJfODQzNSUyMiUyMG5hbWUlM0QlMjJnZHByJTVCODQzNSU1RCUyMiUyMHZhbHVlJTNEJTIyWSUyMiUyMGNsYXNzJTNEJTIyYXYtY2hlY2tib3glMjAlMjIlMjBjaGVja2VkJTNFJTNDc3BhbiUzRURpcmVjdCUyME1haWwlM0MlMkZzcGFuJTNFJTIwJTNDJTJGbGFiZWwlM0UlM0NsYWJlbCUyMGNsYXNzJTNEJTIyY2hlY2tib3glMjBzdWJmaWVsZCUyMiUyMGZvciUzRCUyMmdkcHJfODQzOSUyMiUzRSUzQ2lucHV0JTIwdHlwZSUzRCUyMmNoZWNrYm94JTIyJTIwaWQlM0QlMjJnZHByXzg0MzklMjIlMjBuYW1lJTNEJTIyZ2RwciU1Qjg0MzklNUQlMjIlMjB2YWx1ZSUzRCUyMlklMjIlMjBjbGFzcyUzRCUyMmF2LWNoZWNrYm94JTIwJTIyJTIwY2hlY2tlZCUzRSUzQ3NwYW4lM0VDdXN0b21pemVkJTIwT25saW5lJTIwQWR2ZXJ0aXNpbmclM0MlMkZzcGFuJTNFJTIwJTNDJTJGbGFiZWwlM0UlMEElMjAlMjAlMjAlMjAlMjAlMjAlMjAlMjAlM0MlMkZmaWVsZHNldCUzRSUwQSUyMCUyMCUyMCUyMCUyMCUyMCUyMCUyMCUzQ3AlM0VZb3UlMjBjYW4lMjB1bnN1YnNjcmliZSUyMGF0JTIwYW55JTIwdGltZSUyMGJ5JTIwY2xpY2tpbmclMjB0aGUlMjBsaW5rJTIwaW4lMjB0aGUlMjBmb290ZXIlMjBvZiUyMG91ciUyMGVtYWlscy4lMjBGb3IlMjBpbmZvcm1hdGlvbiUyMGFib3V0JTIwb3VyJTIwcHJpdmFjeSUyMHByYWN0aWNlcyUyQyUyMHBsZWFzZSUyMHZpc2l0JTIwb3VyJTIwd2Vic2l0ZS4lM0MlMkZwJTNFJTBBJTIwJTIwJTIwJTIwJTNDJTJGZGl2JTNFJTBBJTIwJTIwJTIwJTIwJTNDZGl2JTIwY2xhc3MlM0QlMjJjb250ZW50X19nZHByTGVnYWwlMjIlM0UlMEElMjAlMjAlMjAlMjAlMjAlMjAlMjAlMjAlM0NwJTNFJTNDYSUyMGhyZWYlM0QlMjJodHRwcyUzQSUyRiUyRm1haWxjaGltcC5jb20lMkZsZWdhbCUyRiUyMiUyMHRhcmdldCUzRCUyMl9ibGFuayUyMiUzRSUzQyUyRmElM0VXZSUzQ2ElMjBocmVmJTNEJTIyaHR0cHMlM0ElMkYlMkZtYWlsY2hpbXAuY29tJTJGbGVnYWwlMkYlMjIlMjB0YXJnZXQlM0QlMjJfYmxhbmslMjIlM0UlM0MlMkZhJTNFJTIwJTNDYSUyMGhyZWYlM0QlMjJodHRwcyUzQSUyRiUyRm1haWxjaGltcC5jb20lMkZsZWdhbCUyRiUyMiUyMHRhcmdldCUzRCUyMl9ibGFuayUyMiUzRSUzQyUyRmElM0V1c2UlM0NhJTIwaHJlZiUzRCUyMmh0dHBzJTNBJTJGJTJGbWFpbGNoaW1wLmNvbSUyRmxlZ2FsJTJGJTIyJTIwdGFyZ2V0JTNEJTIyX2JsYW5rJTIyJTNFJTNDJTJGYSUzRSUyMCUzQ2ElMjBocmVmJTNEJTIyaHR0cHMlM0ElMkYlMkZtYWlsY2hpbXAuY29tJTJGbGVnYWwlMkYlMjIlMjB0YXJnZXQlM0QlMjJfYmxhbmslMjIlM0UlM0MlMkZhJTNFTWFpbGNoaW1wJTNDYSUyMGhyZWYlM0QlMjJodHRwcyUzQSUyRiUyRm1haWxjaGltcC5jb20lMkZsZWdhbCUyRiUyMiUyMHRhcmdldCUzRCUyMl9ibGFuayUyMiUzRSUzQyUyRmElM0UlMjAlM0NhJTIwaHJlZiUzRCUyMmh0dHBzJTNBJTJGJTJGbWFpbGNoaW1wLmNvbSUyRmxlZ2FsJTJGJTIyJTIwdGFyZ2V0JTNEJTIyX2JsYW5rJTIyJTNFJTNDJTJGYSUzRWFzJTNDYSUyMGhyZWYlM0QlMjJodHRwcyUzQSUyRiUyRm1haWxjaGltcC5jb20lMkZsZWdhbCUyRiUyMiUyMHRhcmdldCUzRCUyMl9ibGFuayUyMiUzRSUzQyUyRmElM0UlMjAlM0NhJTIwaHJlZiUzRCUyMmh0dHBzJTNBJTJGJTJGbWFpbGNoaW1wLmNvbSUyRmxlZ2FsJTJGJTIyJTIwdGFyZ2V0JTNEJTIyX2JsYW5rJTIyJTNFJTNDJTJGYSUzRW91ciUzQ2ElMjBocmVmJTNEJTIyaHR0cHMlM0ElMkYlMkZtYWlsY2hpbXAuY29tJTJGbGVnYWwlMkYlMjIlMjB0YXJnZXQlM0QlMjJfYmxhbmslMjIlM0UlM0MlMkZhJTNFJTIwJTNDYSUyMGhyZWYlM0QlMjJodHRwcyUzQSUyRiUyRm1haWxjaGltcC5jb20lMkZsZWdhbCUyRiUyMiUyMHRhcmdldCUzRCUyMl9ibGFuayUyMiUzRSUzQyUyRmElM0VtYXJrZXRpbmclM0NhJTIwaHJlZiUzRCUyMmh0dHBzJTNBJTJGJTJGbWFpbGNoaW1wLmNvbSUyRmxlZ2FsJTJGJTIyJTIwdGFyZ2V0JTNEJTIyX2JsYW5rJTIyJTNFJTNDJTJGYSUzRSUyMCUzQ2ElMjBocmVmJTNEJTIyaHR0cHMlM0ElMkYlMkZtYWlsY2hpbXAuY29tJTJGbGVnYWwlMkYlMjIlMjB0YXJnZXQlM0QlMjJfYmxhbmslMjIlM0UlM0MlMkZhJTNFcGxhdGZvcm0lM0NhJTIwaHJlZiUzRCUyMmh0dHBzJTNBJTJGJTJGbWFpbGNoaW1wLmNvbSUyRmxlZ2FsJTJGJTIyJTIwdGFyZ2V0JTNEJTIyX2JsYW5rJTIyJTNFJTNDJTJGYSUzRS4lMjAlM0NhJTIwaHJlZiUzRCUyMmh0dHBzJTNBJTJGJTJGbWFpbGNoaW1wLmNvbSUyRmxlZ2FsJTJGJTIyJTIwdGFyZ2V0JTNEJTIyX2JsYW5rJTIyJTNFJTNDJTJGYSUzRUJ5JTNDYSUyMGhyZWYlM0QlMjJodHRwcyUzQSUyRiUyRm1haWxjaGltcC5jb20lMkZsZWdhbCUyRiUyMiUyMHRhcmdldCUzRCUyMl9ibGFuayUyMiUzRSUzQyUyRmElM0UlMjAlM0NhJTIwaHJlZiUzRCUyMmh0dHBzJTNBJTJGJTJGbWFpbGNoaW1wLmNvbSUyRmxlZ2FsJTJGJTIyJTIwdGFyZ2V0JTNEJTIyX2JsYW5rJTIyJTNFJTNDJTJGYSUzRWNsaWNraW5nJTNDYSUyMGhyZWYlM0QlMjJodHRwcyUzQSUyRiUyRm1haWxjaGltcC5jb20lMkZsZWdhbCUyRiUyMiUyMHRhcmdldCUzRCUyMl9ibGFuayUyMiUzRSUzQyUyRmElM0UlMjAlM0NhJTIwaHJlZiUzRCUyMmh0dHBzJTNBJTJGJTJGbWFpbGNoaW1wLmNvbSUyRmxlZ2FsJTJGJTIyJTIwdGFyZ2V0JTNEJTIyX2JsYW5rJTIyJTNFJTNDJTJGYSUzRWJlbG93JTNDYSUyMGhyZWYlM0QlMjJodHRwcyUzQSUyRiUyRm1haWxjaGltcC5jb20lMkZsZWdhbCUyRiUyMiUyMHRhcmdldCUzRCUyMl9ibGFuayUyMiUzRSUzQyUyRmElM0UlMjAlM0NhJTIwaHJlZiUzRCUyMmh0dHBzJTNBJTJGJTJGbWFpbGNoaW1wLmNvbSUyRmxlZ2FsJTJGJTIyJTIwdGFyZ2V0JTNEJTIyX2JsYW5rJTIyJTNFJTNDJTJGYSUzRXRvJTNDYSUyMGhyZWYlM0QlMjJodHRwcyUzQSUyRiUyRm1haWxjaGltcC5jb20lMkZsZWdhbCUyRiUyMiUyMHRhcmdldCUzRCUyMl9ibGFuayUyMiUzRSUzQyUyRmElM0UlMjAlM0NhJTIwaHJlZiUzRCUyMmh0dHBzJTNBJTJGJTJGbWFpbGNoaW1wLmNvbSUyRmxlZ2FsJTJGJTIyJTIwdGFyZ2V0JTNEJTIyX2JsYW5rJTIyJTNFJTNDJTJGYSUzRXN1YnNjcmliZSUzQ2ElMjBocmVmJTNEJTIyaHR0cHMlM0ElMkYlMkZtYWlsY2hpbXAuY29tJTJGbGVnYWwlMkYlMjIlMjB0YXJnZXQlM0QlMjJfYmxhbmslMjIlM0UlM0MlMkZhJTNFJTJDJTIwJTNDYSUyMGhyZWYlM0QlMjJodHRwcyUzQSUyRiUyRm1haWxjaGltcC5jb20lMkZsZWdhbCUyRiUyMiUyMHRhcmdldCUzRCUyMl9ibGFuayUyMiUzRSUzQyUyRmElM0V5b3UlM0NhJTIwaHJlZiUzRCUyMmh0dHBzJTNBJTJGJTJGbWFpbGNoaW1wLmNvbSUyRmxlZ2FsJTJGJTIyJTIwdGFyZ2V0JTNEJTIyX2JsYW5rJTIyJTNFJTNDJTJGYSUzRSUyMCUzQ2ElMjBocmVmJTNEJTIyaHR0cHMlM0ElMkYlMkZtYWlsY2hpbXAuY29tJTJGbGVnYWwlMkYlMjIlMjB0YXJnZXQlM0QlMjJfYmxhbmslMjIlM0UlM0MlMkZhJTNFYWNrbm93bGVkZ2UlM0NhJTIwaHJlZiUzRCUyMmh0dHBzJTNBJTJGJTJGbWFpbGNoaW1wLmNvbSUyRmxlZ2FsJTJGJTIyJTIwdGFyZ2V0JTNEJTIyX2JsYW5rJTIyJTNFJTNDJTJGYSUzRSUyMCUzQ2ElMjBocmVmJTNEJTIyaHR0cHMlM0ElMkYlMkZtYWlsY2hpbXAuY29tJTJGbGVnYWwlMkYlMjIlMjB0YXJnZXQlM0QlMjJfYmxhbmslMjIlM0UlM0MlMkZhJTNFdGhhdCUzQ2ElMjBocmVmJTNEJTIyaHR0cHMlM0ElMkYlMkZtYWlsY2hpbXAuY29tJTJGbGVnYWwlMkYlMjIlMjB0YXJnZXQlM0QlMjJfYmxhbmslMjIlM0UlM0MlMkZhJTNFJTIwJTNDYSUyMGhyZWYlM0QlMjJodHRwcyUzQSUyRiUyRm1haWxjaGltcC5jb20lMkZsZWdhbCUyRiUyMiUyMHRhcmdldCUzRCUyMl9ibGFuayUyMiUzRSUzQyUyRmElM0V5b3VyJTNDYSUyMGhyZWYlM0QlMjJodHRwcyUzQSUyRiUyRm1haWxjaGltcC5jb20lMkZsZWdhbCUyRiUyMiUyMHRhcmdldCUzRCUyMl9ibGFuayUyMiUzRSUzQyUyRmElM0UlMjAlM0NhJTIwaHJlZiUzRCUyMmh0dHBzJTNBJTJGJTJGbWFpbGNoaW1wLmNvbSUyRmxlZ2FsJTJGJTIyJTIwdGFyZ2V0JTNEJTIyX2JsYW5rJTIyJTNFJTNDJTJGYSUzRWluZm9ybWF0aW9uJTNDYSUyMGhyZWYlM0QlMjJodHRwcyUzQSUyRiUyRm1haWxjaGltcC5jb20lMkZsZWdhbCUyRiUyMiUyMHRhcmdldCUzRCUyMl9ibGFuayUyMiUzRSUzQyUyRmElM0UlMjAlM0NhJTIwaHJlZiUzRCUyMmh0dHBzJTNBJTJGJTJGbWFpbGNoaW1wLmNvbSUyRmxlZ2FsJTJGJTIyJTIwdGFyZ2V0JTNEJTIyX2JsYW5rJTIyJTNFJTNDJTJGYSUzRXdpbGwlM0NhJTIwaHJlZiUzRCUyMmh0dHBzJTNBJTJGJTJGbWFpbGNoaW1wLmNvbSUyRmxlZ2FsJTJGJTIyJTIwdGFyZ2V0JTNEJTIyX2JsYW5rJTIyJTNFJTNDJTJGYSUzRSUyMCUzQ2ElMjBocmVmJTNEJTIyaHR0cHMlM0ElMkYlMkZtYWlsY2hpbXAuY29tJTJGbGVnYWwlMkYlMjIlMjB0YXJnZXQlM0QlMjJfYmxhbmslMjIlM0UlM0MlMkZhJTNFYmUlM0NhJTIwaHJlZiUzRCUyMmh0dHBzJTNBJTJGJTJGbWFpbGNoaW1wLmNvbSUyRmxlZ2FsJTJGJTIyJTIwdGFyZ2V0JTNEJTIyX2JsYW5rJTIyJTNFJTNDJTJGYSUzRSUyMCUzQ2ElMjBocmVmJTNEJTIyaHR0cHMlM0ElMkYlMkZtYWlsY2hpbXAuY29tJTJGbGVnYWwlMkYlMjIlMjB0YXJnZXQlM0QlMjJfYmxhbmslMjIlM0UlM0MlMkZhJTNFdHJhbnNmZXJyZWQlM0NhJTIwaHJlZiUzRCUyMmh0dHBzJTNBJTJGJTJGbWFpbGNoaW1wLmNvbSUyRmxlZ2FsJTJGJTIyJTIwdGFyZ2V0JTNEJTIyX2JsYW5rJTIyJTNFJTNDJTJGYSUzRSUyMCUzQ2ElMjBocmVmJTNEJTIyaHR0cHMlM0ElMkYlMkZtYWlsY2hpbXAuY29tJTJGbGVnYWwlMkYlMjIlMjB0YXJnZXQlM0QlMjJfYmxhbmslMjIlM0UlM0MlMkZhJTNFdG8lM0NhJTIwaHJlZiUzRCUyMmh0dHBzJTNBJTJGJTJGbWFpbGNoaW1wLmNvbSUyRmxlZ2FsJTJGJTIyJTIwdGFyZ2V0JTNEJTIyX2JsYW5rJTIyJTNFJTNDJTJGYSUzRSUyMCUzQ2ElMjBocmVmJTNEJTIyaHR0cHMlM0ElMkYlMkZtYWlsY2hpbXAuY29tJTJGbGVnYWwlMkYlMjIlMjB0YXJnZXQlM0QlMjJfYmxhbmslMjIlM0UlM0MlMkZhJTNFTWFpbGNoaW1wJTNDYSUyMGhyZWYlM0QlMjJodHRwcyUzQSUyRiUyRm1haWxjaGltcC5jb20lMkZsZWdhbCUyRiUyMiUyMHRhcmdldCUzRCUyMl9ibGFuayUyMiUzRSUzQyUyRmElM0UlMjAlM0NhJTIwaHJlZiUzRCUyMmh0dHBzJTNBJTJGJTJGbWFpbGNoaW1wLmNvbSUyRmxlZ2FsJTJGJTIyJTIwdGFyZ2V0JTNEJTIyX2JsYW5rJTIyJTNFJTNDJTJGYSUzRWZvciUzQ2ElMjBocmVmJTNEJTIyaHR0cHMlM0ElMkYlMkZtYWlsY2hpbXAuY29tJTJGbGVnYWwlMkYlMjIlMjB0YXJnZXQlM0QlMjJfYmxhbmslMjIlM0UlM0MlMkZhJTNFJTIwJTNDYSUyMGhyZWYlM0QlMjJodHRwcyUzQSUyRiUyRm1haWxjaGltcC5jb20lMkZsZWdhbCUyRiUyMiUyMHRhcmdldCUzRCUyMl9ibGFuayUyMiUzRSUzQyUyRmElM0Vwcm9jZXNzaW5nJTNDYSUyMGhyZWYlM0QlMjJodHRwcyUzQSUyRiUyRm1haWxjaGltcC5jb20lMkZsZWdhbCUyRiUyMiUyMHRhcmdldCUzRCUyMl9ibGFuayUyMiUzRSUzQyUyRmElM0UuJTIwJTNDYSUyMGhyZWYlM0QlMjJodHRwcyUzQSUyRiUyRm1haWxjaGltcC5jb20lMkZsZWdhbCUyRiUyMiUyMHRhcmdldCUzRCUyMl9ibGFuayUyMiUzRSUzQyUyRmElM0VMZWFybiUzQ2ElMjBocmVmJTNEJTIyaHR0cHMlM0ElMkYlMkZtYWlsY2hpbXAuY29tJTJGbGVnYWwlMkYlMjIlMjB0YXJnZXQlM0QlMjJfYmxhbmslMjIlM0UlM0MlMkZhJTNFJTIwJTNDYSUyMGhyZWYlM0QlMjJodHRwcyUzQSUyRiUyRm1haWxjaGltcC5jb20lMkZsZWdhbCUyRiUyMiUyMHRhcmdldCUzRCUyMl9ibGFuayUyMiUzRSUzQyUyRmElM0Vtb3JlJTNDYSUyMGhyZWYlM0QlMjJodHRwcyUzQSUyRiUyRm1haWxjaGltcC5jb20lMkZsZWdhbCUyRiUyMiUyMHRhcmdldCUzRCUyMl9ibGFuayUyMiUzRSUzQyUyRmElM0UlMjAlM0NhJTIwaHJlZiUzRCUyMmh0dHBzJTNBJTJGJTJGbWFpbGNoaW1wLmNvbSUyRmxlZ2FsJTJGJTIyJTIwdGFyZ2V0JTNEJTIyX2JsYW5rJTIyJTNFJTNDJTJGYSUzRWFib3V0JTNDYSUyMGhyZWYlM0QlMjJodHRwcyUzQSUyRiUyRm1haWxjaGltcC5jb20lMkZsZWdhbCUyRiUyMiUyMHRhcmdldCUzRCUyMl9ibGFuayUyMiUzRSUzQyUyRmElM0UlMjAlM0NhJTIwaHJlZiUzRCUyMmh0dHBzJTNBJTJGJTJGbWFpbGNoaW1wLmNvbSUyRmxlZ2FsJTJGJTIyJTIwdGFyZ2V0JTNEJTIyX2JsYW5rJTIyJTNFJTNDJTJGYSUzRU1haWxjaGltcCUzQ2ElMjBocmVmJTNEJTIyaHR0cHMlM0ElMkYlMkZtYWlsY2hpbXAuY29tJTJGbGVnYWwlMkYlMjIlMjB0YXJnZXQlM0QlMjJfYmxhbmslMjIlM0UlM0MlMkZhJTNFJTI3JTNDYSUyMGhyZWYlM0QlMjJodHRwcyUzQSUyRiUyRm1haWxjaGltcC5jb20lMkZsZWdhbCUyRiUyMiUyMHRhcmdldCUzRCUyMl9ibGFuayUyMiUzRSUzQyUyRmElM0VzJTNDYSUyMGhyZWYlM0QlMjJodHRwcyUzQSUyRiUyRm1haWxjaGltcC5jb20lMkZsZWdhbCUyRiUyMiUyMHRhcmdldCUzRCUyMl9ibGFuayUyMiUzRSUzQyUyRmElM0UlMjAlM0NhJTIwaHJlZiUzRCUyMmh0dHBzJTNBJTJGJTJGbWFpbGNoaW1wLmNvbSUyRmxlZ2FsJTJGJTIyJTIwdGFyZ2V0JTNEJTIyX2JsYW5rJTIyJTNFJTNDJTJGYSUzRXByaXZhY3klM0NhJTIwaHJlZiUzRCUyMmh0dHBzJTNBJTJGJTJGbWFpbGNoaW1wLmNvbSUyRmxlZ2FsJTJGJTIyJTIwdGFyZ2V0JTNEJTIyX2JsYW5rJTIyJTNFJTNDJTJGYSUzRSUyMCUzQ2ElMjBocmVmJTNEJTIyaHR0cHMlM0ElMkYlMkZtYWlsY2hpbXAuY29tJTJGbGVnYWwlMkYlMjIlMjB0YXJnZXQlM0QlMjJfYmxhbmslMjIlM0UlM0MlMkZhJTNFcHJhY3RpY2VzJTNDYSUyMGhyZWYlM0QlMjJodHRwcyUzQSUyRiUyRm1haWxjaGltcC5jb20lMkZsZWdhbCUyRiUyMiUyMHRhcmdldCUzRCUyMl9ibGFuayUyMiUzRSUzQyUyRmElM0UlMjAlM0NhJTIwaHJlZiUzRCUyMmh0dHBzJTNBJTJGJTJGbWFpbGNoaW1wLmNvbSUyRmxlZ2FsJTJGJTIyJTIwdGFyZ2V0JTNEJTIyX2JsYW5rJTIyJTNFJTNDJTJGYSUzRWhlcmUlM0NhJTIwaHJlZiUzRCUyMmh0dHBzJTNBJTJGJTJGbWFpbGNoaW1wLmNvbSUyRmxlZ2FsJTJGJTIyJTIwdGFyZ2V0JTNEJTIyX2JsYW5rJTIyJTNFJTNDJTJGYSUzRS4lM0MlMkZwJTNFJTBBJTIwJTIwJTIwJTIwJTNDJTJGZGl2JTNFJTBBJTNDJTJGZGl2JTNFJTBBJTIwJTIwJTIwJTIwJTNDZGl2JTIwaWQlM0QlMjJtY2UtcmVzcG9uc2VzJTIyJTIwY2xhc3MlM0QlMjJjbGVhciUyMiUzRSUwQSUyMCUyMCUyMCUyMCUyMCUyMCUyMCUyMCUzQ2RpdiUyMGNsYXNzJTNEJTIycmVzcG9uc2UlMjIlMjBpZCUzRCUyMm1jZS1lcnJvci1yZXNwb25zZSUyMiUyMHN0eWxlJTNEJTIyZGlzcGxheSUzQW5vbmUlMjIlM0UlM0MlMkZkaXYlM0UlMEElMjAlMjAlMjAlMjAlMjAlMjAlMjAlMjAlM0NkaXYlMjBjbGFzcyUzRCUyMnJlc3BvbnNlJTIyJTIwaWQlM0QlMjJtY2Utc3VjY2Vzcy1yZXNwb25zZSUyMiUyMHN0eWxlJTNEJTIyZGlzcGxheSUzQW5vbmUlMjIlM0UlM0MlMkZkaXYlM0UlMEElMjAlMjAlMjAlMjAlM0MlMkZkaXYlM0UlMjAlMjAlMjAlMjAlM0MlMjEtLSUyMHJlYWwlMjBwZW9wbGUlMjBzaG91bGQlMjBub3QlMjBmaWxsJTIwdGhpcyUyMGluJTIwYW5kJTIwZXhwZWN0JTIwZ29vZCUyMHRoaW5ncyUyMC0lMjBkbyUyMG5vdCUyMHJlbW92ZSUyMHRoaXMlMjBvciUyMHJpc2slMjBmb3JtJTIwYm90JTIwc2lnbnVwcy0tJTNFJTBBJTIwJTIwJTIwJTIwJTNDZGl2JTIwc3R5bGUlM0QlMjJwb3NpdGlvbiUzQSUyMGFic29sdXRlJTNCJTIwbGVmdCUzQSUyMC01MDAwcHglM0IlMjIlMjBhcmlhLWhpZGRlbiUzRCUyMnRydWUlMjIlM0UlM0NpbnB1dCUyMHR5cGUlM0QlMjJ0ZXh0JTIyJTIwbmFtZSUzRCUyMmJfN2IyZWJlNjM2YTUyOTQ5ODYwMTI1YmFhOF8zNTNhZGVlNDQ1JTIyJTIwdGFiaW5kZXglM0QlMjItMSUyMiUyMHZhbHVlJTNEJTIyJTIyJTNFJTNDJTJGZGl2JTNFJTBBJTIwJTIwJTIwJTIwJTNDZGl2JTIwY2xhc3MlM0QlMjJjbGVhciUyMiUzRSUzQ2lucHV0JTIwdHlwZSUzRCUyMnN1Ym1pdCUyMiUyMHZhbHVlJTNEJTIySmElMjB0YWslMjAtJTIwaG9sZCUyMG1pZyUyMG9wZGF0ZXJldCUyMiUyMG5hbWUlM0QlMjJzdWJzY3JpYmUlMjIlMjBpZCUzRCUyMm1jLWVtYmVkZGVkLXN1YnNjcmliZSUyMiUyMGNsYXNzJTNEJTIyYnV0dG9uJTIyJTIwc3R5bGUlM0QlMjJ3aWR0aCUzQSUyMDEwMCUyNSUzQm1hcmdpbi10b3AlM0ElMjA0MHB4JTNCdGV4dC10cmFuc2Zvcm0lM0ElMjBub25lJTIxaW1wb3J0YW50JTNCJTIyJTNFJTNDJTJGZGl2JTNFJTBBJTIwJTIwJTIwJTIwJTNDJTJGZGl2JTNFJTBBJTNDJTJGZm9ybSUzRSUwQSUzQyUyRmRpdiUzRSUwQSUwQSUzQyUyMS0tRW5kJTIwbWNfZW1iZWRfc2lnbnVwLS0lM0U=[\/vc_raw_html][\/vc_column][\/vc_row]\n","protected":false},"excerpt":{"rendered":"<p>[vc_row type=&#8221;in_container&#8221; full_screen_row_position=&#8221;middle&#8221; full_height=&#8221;yes&#8221; scene_position=&#8221;center&#8221; text_color=&#8221;dark&#8221; text_align=&#8221;left&#8221; overlay_strength=&#8221;0.3&#8243;][vc_column column_padding=&#8221;padding-5-percent&#8221; column_padding_position=&#8221;all&#8221; background_color_opacity=&#8221;1&#8243; background_hover_color_opacity=&#8221;1&#8243; column_shadow=&#8221;none&#8221; width=&#8221;1\/2&#8243; tablet_text_alignment=&#8221;default&#8221;&#8230;<\/p>\n","protected":false},"author":1,"featured_media":0,"parent":0,"menu_order":0,"comment_status":"closed","ping_status":"closed","template":"","meta":[],"_links":{"self":[{"href":"https:\/\/useeum.com\/institutions\/da\/wp-json\/wp\/v2\/pages\/7137\/"}],"collection":[{"href":"https:\/\/useeum.com\/institutions\/da\/wp-json\/wp\/v2\/pages\/"}],"about":[{"href":"https:\/\/useeum.com\/institutions\/da\/wp-json\/wp\/v2\/types\/page\/"}],"author":[{"embeddable":true,"href":"https:\/\/useeum.com\/institutions\/da\/wp-json\/wp\/v2\/users\/1\/"}],"replies":[{"embeddable":true,"href":"https:\/\/useeum.com\/institutions\/da\/wp-json\/wp\/v2\/comments\/?post=7137"}],"version-history":[{"count":30,"href":"https:\/\/useeum.com\/institutions\/da\/wp-json\/wp\/v2\/pages\/7137\/revisions\/"}],"predecessor-version":[{"id":7182,"href":"https:\/\/useeum.com\/institutions\/da\/wp-json\/wp\/v2\/pages\/7137\/revisions\/7182\/"}],"wp:attachment":[{"href":"https:\/\/useeum.com\/institutions\/da\/wp-json\/wp\/v2\/media\/?parent=7137"}],"curies":[{"name":"wp","href":"https:\/\/api.w.org\/{rel}","templated":true}]}}